{"id":376,"date":"2025-03-25T12:08:35","date_gmt":"2025-03-25T12:08:35","guid":{"rendered":"https:\/\/sevenmc.de\/?page_id=376"},"modified":"2025-07-10T16:48:56","modified_gmt":"2025-07-10T16:48:56","slug":"impressum","status":"publish","type":"page","link":"https:\/\/sevenmc.de\/en\/impressum\/","title":{"rendered":"Imprint"},"content":{"rendered":"<p>[et_pb_section fb_built=&#8220;1&#8243; _builder_version=&#8220;4.27.4&#8243; _module_preset=&#8220;default&#8220; global_colors_info=&#8220;{}&#8220;][et_pb_row _builder_version=&#8220;4.27.4&#8243; _module_preset=&#8220;default&#8220; global_colors_info=&#8220;{}&#8220;][et_pb_column type=&#8220;4_4&#8243; _builder_version=&#8220;4.27.4&#8243; _module_preset=&#8220;default&#8220; global_colors_info=&#8220;{}&#8220;][et_pb_heading title=&#8220;Impressum&#8220; _builder_version=&#8220;4.27.4&#8243; _module_preset=&#8220;default&#8220; title_level=&#8220;h3&#8243; title_font_size_tablet=&#8220;&#8220; title_font_size_phone=&#8220;21px&#8220; title_font_size_last_edited=&#8220;on|phone&#8220; global_colors_info=&#8220;{}&#8220;][\/et_pb_heading][et_pb_text admin_label=&#8220;Text&#8220; _builder_version=&#8220;4.27.4&#8243; _module_preset=&#8220;default&#8220; text_font_size_tablet=&#8220;16px&#8220; text_font_size_phone=&#8220;16px&#8220; text_font_size_last_edited=&#8220;on|tablet&#8220; global_colors_info=&#8220;{}&#8220;]<\/p>\n<p><strong><span>Angaben gem\u00e4\u00df \u00a7 5 TMG &amp; \u00a7 18 MStV<\/span><\/strong><\/p>\n<p><strong><span>7MC GmbH<\/span><\/strong><span><br \/>Heinemannstra\u00dfe 36<br \/>53175 Bonn<br \/>Deutschland<\/span><\/p>\n<p><strong><span>Kontakt:<\/span><\/strong><span><br \/>E-Mail: info@sevenmc.de<br \/>Website: <a href=\"http:\/\/www.sevenmc.de\">www.sevenmc.de<\/a><\/span><\/p>\n<p><strong><span>Umsatzsteuer-Identifikationsnummer gem\u00e4\u00df \u00a7 27a UStG:<\/span><\/strong><span><br \/>DE453059446<\/span><\/p>\n<p><strong><span>Handelsregister:<\/span><\/strong><span><br \/>Eingetragen beim Amtsgericht Bonn unter HRB 29592<\/span><\/p>\n<p><strong><span>Vertretungsberechtigter:<\/span><\/strong><span><br \/>Bernd Zens (Gesch\u00e4ftsf\u00fchrer)<\/span><\/p>\n<p><strong>Berufsspezifische Angaben gem\u00e4\u00df \u00a7 34f GewO:<\/strong><br \/>7MC GmbH ist als Finanzanlagenvermittler nach \u00a7 34f Abs. 1 GewO t\u00e4tig und verf\u00fcgt \u00fcber eine Erlaubnis nach der Gewerbeordnung.<\/p>\n<p><strong>Aufsichtsbeh\u00f6rde:<\/strong><br \/>Industrie- und Handelskammer Bonn\/Rhein-Sieg<br \/>Bonner Talweg 17<br \/>53113 Bonn<\/p>\n<p><strong>Registrierungsnummer im Vermittlerregister:<\/strong><br \/>D-F-110-9CQ9-51<\/p>\n<p><strong>Registerstelle:<\/strong><br \/>Deutsches Vermittlerregister \u2013 <a href=\"https:\/\/www.vermittlerregister.info\">www.vermittlerregister.info<\/a><\/p>\n<p><strong>Berufsrechtliche Regelungen:<\/strong><\/p>\n<ul>\n<li>\u00a7 34f Gewerbeordnung (GewO)<\/li>\n<li>Finanzanlagenvermittlungsverordnung (FinVermV)<\/li>\n<\/ul>\n<p><strong><span>Haftungsausschluss:<\/span><\/strong><span><br \/>Die Inhalte dieser Website wurden mit gr\u00f6\u00dfter Sorgfalt erstellt. F\u00fcr die Richtigkeit, Vollst\u00e4ndigkeit und Aktualit\u00e4t der Inhalte k\u00f6nnen wir jedoch keine Gew\u00e4hr \u00fcbernehmen.<\/span><\/p>\n<p><strong><span>Verbraucherstreitbeilegung:<\/span><\/strong><span><br \/>Die Europ\u00e4ische Kommission stellt eine Plattform zur Online-Streitbeilegung (OS) bereit: <a href=\"https:\/\/ec.europa.eu\/consumers\/odr\">https:\/\/ec.europa.eu\/consumers\/odr<\/a><br \/>Wir sind nicht verpflichtet und nicht bereit, an einem Streitbeilegungsverfahren vor einer Verbraucherschlichtungsstelle teilzunehmen.<\/span><\/p>\n<p>[\/et_pb_text][\/et_pb_column][\/et_pb_row][\/et_pb_section]<\/p>\n","protected":false},"excerpt":{"rendered":"<p>Angaben gem\u00e4\u00df \u00a7 5 TMG &amp; \u00a7 18 MStV 7MC GmbHHeinemannstra\u00dfe 3653175 BonnDeutschland Kontakt:E-Mail: info@sevenmc.deWebsite: www.sevenmc.de Umsatzsteuer-Identifikationsnummer gem\u00e4\u00df \u00a7 27a UStG:DE453059446 Handelsregister:Eingetragen beim Amtsgericht Bonn unter HRB 29592 Vertretungsberechtigter:Bernd Zens (Gesch\u00e4ftsf\u00fchrer) Berufsspezifische Angaben gem\u00e4\u00df \u00a7 34f GewO:7MC GmbH ist als Finanzanlagenvermittler nach \u00a7 34f Abs. 1 GewO t\u00e4tig und verf\u00fcgt \u00fcber eine Erlaubnis nach der [&hellip;]<\/p>\n","protected":false},"author":3,"featured_media":0,"parent":0,"menu_order":0,"comment_status":"closed","ping_status":"closed","template":"","meta":{"_et_pb_use_builder":"on","_et_pb_old_content":"","_et_gb_content_width":"","footnotes":""},"class_list":["post-376","page","type-page","status-publish","hentry"],"yoast_head":"<!-- This site is optimized with the Yoast SEO plugin v27.3 - https:\/\/yoast.com\/product\/yoast-seo-wordpress\/ -->\n<title>Impressum - 7MC<\/title>\n<meta name=\"robots\" content=\"index, follow, max-snippet:-1, max-image-preview:large, max-video-preview:-1\" \/>\n<link rel=\"canonical\" href=\"https:\/\/sevenmc.de\/en\/impressum\/\" \/>\n<meta property=\"og:locale\" content=\"en_US\" \/>\n<meta property=\"og:type\" content=\"article\" \/>\n<meta property=\"og:title\" content=\"Impressum - 7MC\" \/>\n<meta property=\"og:description\" content=\"Angaben gem\u00e4\u00df \u00a7 5 TMG &amp; \u00a7 18 MStV 7MC GmbHHeinemannstra\u00dfe 3653175 BonnDeutschland Kontakt:E-Mail: info@sevenmc.deWebsite: www.sevenmc.de Umsatzsteuer-Identifikationsnummer gem\u00e4\u00df \u00a7 27a UStG:DE453059446 Handelsregister:Eingetragen beim Amtsgericht Bonn unter HRB 29592 Vertretungsberechtigter:Bernd Zens (Gesch\u00e4ftsf\u00fchrer) Berufsspezifische Angaben gem\u00e4\u00df \u00a7 34f GewO:7MC GmbH ist als Finanzanlagenvermittler nach \u00a7 34f Abs. 1 GewO t\u00e4tig und verf\u00fcgt \u00fcber eine Erlaubnis nach der [&hellip;]\" \/>\n<meta property=\"og:url\" content=\"https:\/\/sevenmc.de\/en\/impressum\/\" \/>\n<meta property=\"og:site_name\" content=\"7MC\" \/>\n<meta property=\"article:modified_time\" content=\"2025-07-10T16:48:56+00:00\" \/>\n<meta property=\"og:image\" content=\"https:\/\/sevenmc.de\/wp-content\/uploads\/2025\/03\/Logo-Transparency-copy.webp\" \/>\n\t<meta property=\"og:image:width\" content=\"500\" \/>\n\t<meta property=\"og:image:height\" content=\"658\" \/>\n\t<meta property=\"og:image:type\" content=\"image\/webp\" \/>\n<meta name=\"twitter:card\" content=\"summary_large_image\" \/>\n<meta name=\"twitter:label1\" content=\"Est. reading time\" \/>\n\t<meta name=\"twitter:data1\" content=\"1 minute\" \/>\n<script type=\"application\/ld+json\" class=\"yoast-schema-graph\">{\"@context\":\"https:\\\/\\\/schema.org\",\"@graph\":[{\"@type\":\"WebPage\",\"@id\":\"https:\\\/\\\/sevenmc.de\\\/impressum\\\/\",\"url\":\"https:\\\/\\\/sevenmc.de\\\/impressum\\\/\",\"name\":\"Impressum - 7MC\",\"isPartOf\":{\"@id\":\"https:\\\/\\\/sevenmc.de\\\/#website\"},\"datePublished\":\"2025-03-25T12:08:35+00:00\",\"dateModified\":\"2025-07-10T16:48:56+00:00\",\"breadcrumb\":{\"@id\":\"https:\\\/\\\/sevenmc.de\\\/impressum\\\/#breadcrumb\"},\"inLanguage\":\"en-US\",\"potentialAction\":[{\"@type\":\"ReadAction\",\"target\":[\"https:\\\/\\\/sevenmc.de\\\/impressum\\\/\"]}]},{\"@type\":\"BreadcrumbList\",\"@id\":\"https:\\\/\\\/sevenmc.de\\\/impressum\\\/#breadcrumb\",\"itemListElement\":[{\"@type\":\"ListItem\",\"position\":1,\"name\":\"Home\",\"item\":\"https:\\\/\\\/sevenmc.de\\\/\"},{\"@type\":\"ListItem\",\"position\":2,\"name\":\"Impressum\"}]},{\"@type\":\"WebSite\",\"@id\":\"https:\\\/\\\/sevenmc.de\\\/#website\",\"url\":\"https:\\\/\\\/sevenmc.de\\\/\",\"name\":\"7MC\",\"description\":\"Your Boutique Consultancy for Strategy and Growth\",\"publisher\":{\"@id\":\"https:\\\/\\\/sevenmc.de\\\/#organization\"},\"potentialAction\":[{\"@type\":\"SearchAction\",\"target\":{\"@type\":\"EntryPoint\",\"urlTemplate\":\"https:\\\/\\\/sevenmc.de\\\/?s={search_term_string}\"},\"query-input\":{\"@type\":\"PropertyValueSpecification\",\"valueRequired\":true,\"valueName\":\"search_term_string\"}}],\"inLanguage\":\"en-US\"},{\"@type\":\"Organization\",\"@id\":\"https:\\\/\\\/sevenmc.de\\\/#organization\",\"name\":\"7MC\",\"url\":\"https:\\\/\\\/sevenmc.de\\\/\",\"logo\":{\"@type\":\"ImageObject\",\"inLanguage\":\"en-US\",\"@id\":\"https:\\\/\\\/sevenmc.de\\\/#\\\/schema\\\/logo\\\/image\\\/\",\"url\":\"https:\\\/\\\/sevenmc.de\\\/wp-content\\\/uploads\\\/2025\\\/03\\\/Favicon.png\",\"contentUrl\":\"https:\\\/\\\/sevenmc.de\\\/wp-content\\\/uploads\\\/2025\\\/03\\\/Favicon.png\",\"width\":75,\"height\":74,\"caption\":\"7MC\"},\"image\":{\"@id\":\"https:\\\/\\\/sevenmc.de\\\/#\\\/schema\\\/logo\\\/image\\\/\"}}]}<\/script>\n<!-- \/ Yoast SEO plugin. -->","yoast_head_json":{"title":"Impressum - 7MC","robots":{"index":"index","follow":"follow","max-snippet":"max-snippet:-1","max-image-preview":"max-image-preview:large","max-video-preview":"max-video-preview:-1"},"canonical":"https:\/\/sevenmc.de\/en\/impressum\/","og_locale":"en_US","og_type":"article","og_title":"Impressum - 7MC","og_description":"Angaben gem\u00e4\u00df \u00a7 5 TMG &amp; \u00a7 18 MStV 7MC GmbHHeinemannstra\u00dfe 3653175 BonnDeutschland Kontakt:E-Mail: info@sevenmc.deWebsite: www.sevenmc.de Umsatzsteuer-Identifikationsnummer gem\u00e4\u00df \u00a7 27a UStG:DE453059446 Handelsregister:Eingetragen beim Amtsgericht Bonn unter HRB 29592 Vertretungsberechtigter:Bernd Zens (Gesch\u00e4ftsf\u00fchrer) Berufsspezifische Angaben gem\u00e4\u00df \u00a7 34f GewO:7MC GmbH ist als Finanzanlagenvermittler nach \u00a7 34f Abs. 1 GewO t\u00e4tig und verf\u00fcgt \u00fcber eine Erlaubnis nach der [&hellip;]","og_url":"https:\/\/sevenmc.de\/en\/impressum\/","og_site_name":"7MC","article_modified_time":"2025-07-10T16:48:56+00:00","og_image":[{"width":500,"height":658,"url":"https:\/\/sevenmc.de\/wp-content\/uploads\/2025\/03\/Logo-Transparency-copy.webp","type":"image\/webp"}],"twitter_card":"summary_large_image","twitter_misc":{"Est. reading time":"1 minute"},"schema":{"@context":"https:\/\/schema.org","@graph":[{"@type":"WebPage","@id":"https:\/\/sevenmc.de\/impressum\/","url":"https:\/\/sevenmc.de\/impressum\/","name":"Impressum - 7MC","isPartOf":{"@id":"https:\/\/sevenmc.de\/#website"},"datePublished":"2025-03-25T12:08:35+00:00","dateModified":"2025-07-10T16:48:56+00:00","breadcrumb":{"@id":"https:\/\/sevenmc.de\/impressum\/#breadcrumb"},"inLanguage":"en-US","potentialAction":[{"@type":"ReadAction","target":["https:\/\/sevenmc.de\/impressum\/"]}]},{"@type":"BreadcrumbList","@id":"https:\/\/sevenmc.de\/impressum\/#breadcrumb","itemListElement":[{"@type":"ListItem","position":1,"name":"Home","item":"https:\/\/sevenmc.de\/"},{"@type":"ListItem","position":2,"name":"Impressum"}]},{"@type":"WebSite","@id":"https:\/\/sevenmc.de\/#website","url":"https:\/\/sevenmc.de\/","name":"7MC","description":"Your Boutique Consultancy for Strategy and Growth","publisher":{"@id":"https:\/\/sevenmc.de\/#organization"},"potentialAction":[{"@type":"SearchAction","target":{"@type":"EntryPoint","urlTemplate":"https:\/\/sevenmc.de\/?s={search_term_string}"},"query-input":{"@type":"PropertyValueSpecification","valueRequired":true,"valueName":"search_term_string"}}],"inLanguage":"en-US"},{"@type":"Organization","@id":"https:\/\/sevenmc.de\/#organization","name":"7MC","url":"https:\/\/sevenmc.de\/","logo":{"@type":"ImageObject","inLanguage":"en-US","@id":"https:\/\/sevenmc.de\/#\/schema\/logo\/image\/","url":"https:\/\/sevenmc.de\/wp-content\/uploads\/2025\/03\/Favicon.png","contentUrl":"https:\/\/sevenmc.de\/wp-content\/uploads\/2025\/03\/Favicon.png","width":75,"height":74,"caption":"7MC"},"image":{"@id":"https:\/\/sevenmc.de\/#\/schema\/logo\/image\/"}}]}},"_links":{"self":[{"href":"https:\/\/sevenmc.de\/en\/wp-json\/wp\/v2\/pages\/376","targetHints":{"allow":["GET"]}}],"collection":[{"href":"https:\/\/sevenmc.de\/en\/wp-json\/wp\/v2\/pages"}],"about":[{"href":"https:\/\/sevenmc.de\/en\/wp-json\/wp\/v2\/types\/page"}],"author":[{"embeddable":true,"href":"https:\/\/sevenmc.de\/en\/wp-json\/wp\/v2\/users\/3"}],"replies":[{"embeddable":true,"href":"https:\/\/sevenmc.de\/en\/wp-json\/wp\/v2\/comments?post=376"}],"version-history":[{"count":4,"href":"https:\/\/sevenmc.de\/en\/wp-json\/wp\/v2\/pages\/376\/revisions"}],"predecessor-version":[{"id":434,"href":"https:\/\/sevenmc.de\/en\/wp-json\/wp\/v2\/pages\/376\/revisions\/434"}],"wp:attachment":[{"href":"https:\/\/sevenmc.de\/en\/wp-json\/wp\/v2\/media?parent=376"}],"curies":[{"name":"wp","href":"https:\/\/api.w.org\/{rel}","templated":true}]}}